{"id":12,"date":"2024-03-07T15:47:29","date_gmt":"2024-03-07T11:47:29","guid":{"rendered":"https:\/\/altimod.az\/?page_id=12"},"modified":"2024-03-31T23:09:42","modified_gmt":"2024-03-31T19:09:42","slug":"geri-qaytarma-sertleri","status":"publish","type":"page","link":"https:\/\/altimod.az\/en\/geri-qaytarma-sertleri\/","title":{"rendered":"Refund terms"},"content":{"rendered":"<div data-elementor-type=\"wp-page\" data-elementor-id=\"12\" class=\"elementor elementor-12\" data-elementor-post-type=\"page\">\n\t\t\t\t<div class=\"wd-negative-gap elementor-element elementor-element-74b5c02c e-flex e-con-boxed e-con e-parent\" data-id=\"74b5c02c\" data-element_type=\"container\" data-core-v316-plus=\"true\">\n\t\t\t\t\t<div class=\"e-con-inner\">\n\t\t\t\t<div class=\"elementor-element elementor-element-35001a5d color-scheme-inherit text-left elementor-widget elementor-widget-text-editor\" data-id=\"35001a5d\" data-element_type=\"widget\" data-widget_type=\"text-editor.default\">\n\t\t\t\t<div class=\"elementor-widget-container\">\n\t\t\t<style>\/*! elementor - v3.20.0 - 11-03-2024 *\/\n.elementor-widget-text-editor.elementor-drop-cap-view-stacked .elementor-drop-cap{background-color:#69727d;color:#fff}.elementor-widget-text-editor.elementor-drop-cap-view-framed .elementor-drop-cap{color:#69727d;border:3px solid;background-color:transparent}.elementor-widget-text-editor:not(.elementor-drop-cap-view-default) .elementor-drop-cap{margin-top:8px}.elementor-widget-text-editor:not(.elementor-drop-cap-view-default) .elementor-drop-cap-letter{width:1em;height:1em}.elementor-widget-text-editor .elementor-drop-cap{float:left;text-align:center;line-height:1;font-size:50px}.elementor-widget-text-editor .elementor-drop-cap-letter{display:inline-block}<\/style>\t\t\t\t<!-- wp:paragraph -->\n<h2>At Altimod, we understand that sometimes your purchase may not meet your expectations. That's why we offer an extended return and refund policy to ensure your satisfaction.<\/h2>\n<h2><strong>30 Day Satisfaction Guarantee:<\/strong><\/h2>\n<p>M\u0259hsullar\u0131m\u0131z\u0131n keyfiyy\u0259tinin arxas\u0131nday\u0131q. \u018fg\u0259r h\u0259r hans\u0131 s\u0259b\u0259bd\u0259n sat\u0131n ald\u0131\u011f\u0131n\u0131z m\u0259hsul sizi tam qane etmirs\u0259, onu tam geri qaytarmaq v\u0259 ya d\u0259yi\u015fdirm\u0259k \u00fc\u00e7\u00fcn al\u0131nd\u0131qdan sonra 30 g\u00fcn \u0259rzind\u0259 geri qaytara bil\u0259rsiniz. \u018f\u015fya istifad\u0259 olunmam\u0131\u015f, orijinal v\u0259ziyy\u0259td\u0259 v\u0259 orijinal qabla\u015fd\u0131rma v\u0259 etiketl\u0259rl\u0259 m\u00fc\u015fayi\u0259t olunmal\u0131d\u0131r.<\/p>\n<h3>Pulsuz qaytar\u0131lma \u00e7atd\u0131r\u0131lmas\u0131:<\/h3>\n<p>Al\u0131\u015f-veri\u015f t\u0259cr\u00fcb\u0259nizi \u0259ng\u0259lsiz hala g\u0259tir\u0259c\u0259yimiz\u0259 inan\u0131r\u0131q. Qon\u015fu Birl\u0259\u015fmi\u015f \u015etatlar daxilind\u0259 b\u00fct\u00fcn uy\u011fun sifari\u015fl\u0259r \u00fc\u00e7\u00fcn pulsuz geri g\u00f6nd\u0259rm\u0259d\u0259n h\u0259zz al\u0131n. Qaytarma\u011f\u0131n\u0131za ba\u015flamaq v\u0259 \u0259vv\u0259lc\u0259d\u0259n \u00f6d\u0259nilmi\u015f qaytarma etiketi almaq \u00fc\u00e7\u00fcn m\u00fc\u015ft\u0259ri xidm\u0259ti komandam\u0131zla \u0259laq\u0259 saxlay\u0131n.<\/p>\n<h3>Asan geri qaytarma prosesi:<\/h3>\n<p>Altimod il\u0259 \u0259\u015fyan\u0131 qaytarmaq sad\u0259dir. Qay\u0131d\u0131\u015f\u0131n\u0131z\u0131 emal etm\u0259k \u00fc\u00e7\u00fcn bu asan add\u0131mlar\u0131 yerin\u0259 yetirin:<br \/>1. Qaytarma\u011f\u0131n\u0131za ba\u015flamaq v\u0259 \u0259vv\u0259lc\u0259d\u0259n \u00f6d\u0259nilmi\u015f qaytarma etiketinizi almaq \u00fc\u00e7\u00fcn m\u00fc\u015ft\u0259ri xidm\u0259ti komandam\u0131zla \u0259laq\u0259 saxlay\u0131n.<br \/>2. Elementinizi b\u00fct\u00fcn aksesuarlar v\u0259 etiketl\u0259r daxil olmaqla, orijinal qabla\u015fd\u0131rmas\u0131nda etibarl\u0131 \u015f\u0259kild\u0259 qabla\u015fd\u0131r\u0131n.<br \/>3. \u018fvv\u0259lc\u0259d\u0259n \u00f6d\u0259nilmi\u015f qaytarma etiketini ba\u011flamaya yap\u0131\u015fd\u0131r\u0131n v\u0259 onu siz\u0259 \u0259n yax\u0131n g\u00f6nd\u0259rm\u0259 yerin\u0259 burax\u0131n.<br \/>4. Qaytard\u0131\u011f\u0131n\u0131z m\u0259hsulu ald\u0131qdan sonra pulunuzun geri qaytar\u0131lmas\u0131n\u0131 v\u0259 ya d\u0259yi\u015fdirilm\u0259sini d\u0259rhal h\u0259yata ke\u00e7ir\u0259c\u0259yik.<\/p>\n<h3>M\u00fcbadil\u0259l\u0259r:<\/h3>\n<p>F\u0259rqli \u00f6l\u00e7\u00fc v\u0259 ya r\u0259ng laz\u0131md\u0131r? Problem deyil! Uy\u011fun sifari\u015fl\u0259r \u00fczr\u0259 pulsuz m\u00fcbadil\u0259 t\u0259klif edirik. M\u00fcbadil\u0259nizi ba\u015flamaq \u00fc\u00e7\u00fcn m\u00fc\u015ft\u0259ri xidm\u0259ti komandam\u0131zla \u0259laq\u0259 saxlay\u0131n v\u0259 biz siz\u0259 m\u00fck\u0259mm\u0259l uy\u011funlu\u011fu tapma\u011fa k\u00f6m\u0259k ed\u0259c\u0259yik.<\/p>\n<h3>Keyfiyy\u0259t Z\u0259man\u0259ti:<\/h3>\n<p>Sizin m\u0259mnuniyy\u0259tiniz bizim prioritetimizdir. \u018fmin olun ki, b\u00fct\u00fcn Altimod m\u0259hsullar\u0131 \u0259n y\u00fcks\u0259k keyfiyy\u0259t v\u0259 s\u0259n\u0259tkarl\u0131q standartlar\u0131 il\u0259 haz\u0131rlanm\u0131\u015fd\u0131r. \u0130stehsal q\u00fcsurlar\u0131 v\u0259 ya i\u015fl\u0259nm\u0259 il\u0259 \u0259laq\u0259dar sat\u0131n alma il\u0259 ba\u011fl\u0131 h\u0259r hans\u0131 probleml\u0259 qar\u015f\u0131la\u015fsan\u0131z, l\u00fctf\u0259n biziml\u0259 \u0259laq\u0259 saxlay\u0131n v\u0259 biz problemi d\u0259rhal h\u0259ll ed\u0259c\u0259yik.<\/p>\n<p>M\u0259mnuniyy\u0259tinizin t\u0259min olundu\u011fu Altimod-da \u0259minlikl\u0259 al\u0131\u015f-veri\u015f edin. Geri qaytarma v\u0259 geri qaytarma siyas\u0259timizl\u0259 ba\u011fl\u0131 h\u0259r hans\u0131 sual\u0131n\u0131z v\u0259 ya narahatl\u0131\u011f\u0131n\u0131z varsa, k\u00f6m\u0259k \u00fc\u00e7\u00fcn dostluq m\u00fc\u015ft\u0259ri xidm\u0259tl\u0259ri komandam\u0131zla \u0259laq\u0259 saxlamaqdan \u00e7\u0259kinm\u0259yin.<\/p>\n<!-- \/wp:paragraph -->\t\t\t\t\t\t<\/div>\n\t\t\t\t<\/div>\n\t\t\t\t\t<\/div>\n\t\t\t\t<\/div>\n\t\t\t\t<\/div>","protected":false},"excerpt":{"rendered":"<p>Altimod-da biz ba\u015fa d\u00fc\u015f\u00fcr\u00fck ki, b\u0259z\u0259n al\u0131\u015f\u0131n\u0131z g\u00f6zl\u0259ntil\u0259riniz\u0259 cavab verm\u0259y\u0259 bil\u0259r. Buna g\u00f6r\u0259 d\u0259 biz sizin m\u0259mnuniyy\u0259tinizi t\u0259min etm\u0259k \u00fc\u00e7\u00fcn<\/p>","protected":false},"author":1,"featured_media":0,"parent":0,"menu_order":0,"comment_status":"closed","ping_status":"closed","template":"","meta":{"_joinchat":[],"footnotes":""},"class_list":["post-12","page","type-page","status-publish","hentry"],"_links":{"self":[{"href":"https:\/\/altimod.az\/en\/wp-json\/wp\/v2\/pages\/12","targetHints":{"allow":["GET"]}}],"collection":[{"href":"https:\/\/altimod.az\/en\/wp-json\/wp\/v2\/pages"}],"about":[{"href":"https:\/\/altimod.az\/en\/wp-json\/wp\/v2\/types\/page"}],"author":[{"embeddable":true,"href":"https:\/\/altimod.az\/en\/wp-json\/wp\/v2\/users\/1"}],"replies":[{"embeddable":true,"href":"https:\/\/altimod.az\/en\/wp-json\/wp\/v2\/comments?post=12"}],"version-history":[{"count":12,"href":"https:\/\/altimod.az\/en\/wp-json\/wp\/v2\/pages\/12\/revisions"}],"predecessor-version":[{"id":22962,"href":"https:\/\/altimod.az\/en\/wp-json\/wp\/v2\/pages\/12\/revisions\/22962"}],"wp:attachment":[{"href":"https:\/\/altimod.az\/en\/wp-json\/wp\/v2\/media?parent=12"}],"curies":[{"name":"wp","href":"https:\/\/api.w.org\/{rel}","templated":true}]}}