{"id":22970,"date":"2024-03-31T23:15:32","date_gmt":"2024-03-31T19:15:32","guid":{"rendered":"https:\/\/altimod.az\/?page_id=22970"},"modified":"2024-03-31T23:20:10","modified_gmt":"2024-03-31T19:20:10","slug":"z%c9%99man%c9%99t","status":"publish","type":"page","link":"https:\/\/altimod.az\/en\/z%c9%99man%c9%99t\/","title":{"rendered":"Guarantee"},"content":{"rendered":"<div data-elementor-type=\"wp-page\" data-elementor-id=\"22970\" class=\"elementor elementor-22970\" data-elementor-post-type=\"page\">\n\t\t\t\t\t\t<section class=\"wd-negative-gap elementor-section elementor-top-section elementor-element elementor-element-4d51ab8b elementor-section-content-middle elementor-section-boxed elementor-section-height-default elementor-section-height-default\" data-id=\"4d51ab8b\" data-element_type=\"section\">\n\t\t\t\t\t\t<div class=\"elementor-container elementor-column-gap-wide\">\n\t\t\t\t\t<div class=\"elementor-column elementor-col-100 elementor-top-column elementor-element elementor-element-3e020eef\" data-id=\"3e020eef\" data-element_type=\"column\">\n\t\t\t<div class=\"elementor-widget-wrap elementor-element-populated\">\n\t\t\t\t\t\t<div class=\"elementor-element elementor-element-4c3dde70 wd-width-100 elementor-widget elementor-widget-wd_title\" data-id=\"4c3dde70\" data-element_type=\"widget\" data-widget_type=\"wd_title.default\">\n\t\t\t\t<div class=\"elementor-widget-container\">\n\t\t\t\t\t<div class=\"title-wrapper set-mb-s reset-last-child wd-title-color-default wd-title-style-default wd-title-size-default text-left\">\n\n\t\t\t\n\t\t\t<div class=\"liner-continer\">\n\t\t\t\t<h4 class=\"woodmart-title-container title wd-fontsize-l\">Guarantee<\/h4> \n\t\t\t\t\t\t\t<\/div>\n\n\t\t\t\t\t\t\t<div class=\"title-after_title set-cont-mb-s reset-last-child wd-fontsize-xs\">\n\t\t\t\t\t<p>Altimod se\u00e7diyiniz \u00fc\u00e7\u00fcn t\u0259\u015f\u0259kk\u00fcr edirik. Biz y\u00fcks\u0259k keyfiyy\u0259tli m\u0259hsullar t\u0259qdim etm\u0259y\u0259 v\u0259 sizin m\u0259mnuniyy\u0259tinizi t\u0259min etm\u0259y\u0259 \u00e7al\u0131\u015f\u0131r\u0131q. Z\u0259hm\u0259t olmasa \u0259hat\u0259 dair\u0259si v\u0259 prosedurlar haqq\u0131nda \u0259trafl\u0131 m\u0259lumat \u00fc\u00e7\u00fcn a\u015fa\u011f\u0131dak\u0131 z\u0259man\u0259t \u015f\u0259rtl\u0259rini n\u0259z\u0259rd\u0259n ke\u00e7irin.<\/p><h3><strong>M\u0259hdud Z\u0259man\u0259t \u018fhat\u0259si:<\/strong><\/h3><p>Altimod, sat\u0131n al\u0131nma tarixind\u0259n etibar\u0259n [m\u00fcdd\u0259ti daxil edin] normal istifad\u0259 zaman\u0131 m\u0259hsullar\u0131m\u0131z\u0131n material v\u0259 i\u015fl\u0259nm\u0259 q\u00fcsurlar\u0131ndan azad olmas\u0131na z\u0259man\u0259t verir. Bu z\u0259man\u0259t k\u00f6\u00e7\u00fcr\u00fcl\u0259 bilm\u0259z v\u0259 yaln\u0131z ilkin al\u0131c\u0131ya aiddir.<\/p><h3><strong>\u018fhat\u0259 dair\u0259si istisnalar\u0131:<\/strong><\/h3><p>Bu z\u0259man\u0259t a\u015fa\u011f\u0131dak\u0131lardan yaranan z\u0259r\u0259rl\u0259ri \u0259hat\u0259 etmir:<\/p><p>- Normal a\u015f\u0131nma v\u0259 k\u00f6hn\u0259lm\u0259<\/p><p>- Sui-istifad\u0259, sui-istifad\u0259 v\u0259 ya etinas\u0131zl\u0131q<\/p><p>- Q\u0259zalar v\u0259 ya icaz\u0259siz t\u0259mir<\/p><p>- M\u0259hsula d\u0259yi\u015fiklikl\u0259r v\u0259 ya modifikasiyalar<\/p><p>- Ekstremal temperaturlara v\u0259 ya \u0259traf m\u00fchit \u015f\u0259raitin\u0259 m\u0259ruz qalma<\/p><h3><strong>\u0130ddia Prosedurlar\u0131:<\/strong><\/h3><p>M\u0259hsulunuzun z\u0259man\u0259t xidm\u0259ti \u00fc\u00e7\u00fcn uy\u011fun oldu\u011funa inan\u0131rs\u0131n\u0131zsa, l\u00fctf\u0259n, bu add\u0131mlar\u0131 yerin\u0259 yetirin:<\/p><ol><li>Z\u0259man\u0259t iddias\u0131na ba\u015flamaq \u00fc\u00e7\u00fcn [\u0259laq\u0259 m\u0259lumat\u0131n\u0131 daxil edin] \u00fcnvan\u0131nda m\u00fc\u015ft\u0259ri xidm\u0259ti komandam\u0131zla \u0259laq\u0259 saxlay\u0131n.<\/li><li>Problemin \u0259trafl\u0131 t\u0259sviri il\u0259 birlikd\u0259 sat\u0131nalma tarixi v\u0259 yeri d\u0259 daxil olmaqla sat\u0131nalma s\u00fcbutunu t\u0259qdim edin.<\/li><li>M\u00fc\u015ft\u0259ri xidm\u0259ti komandam\u0131z iddian\u0131 qiym\u0259tl\u0259ndir\u0259c\u0259k v\u0259 laz\u0131m g\u0259l\u0259rs\u0259, m\u0259hsulun geri qaytar\u0131lmas\u0131 \u00fc\u00e7\u00fcn t\u0259limat ver\u0259c\u0259k.<\/li><li>Q\u0259bul edildikd\u0259n sonra texniki m\u00fct\u0259x\u0259ssisl\u0259rimiz m\u0259hsulu yoxlayacaq v\u0259 onun z\u0259man\u0259tli t\u0259mir v\u0259 ya d\u0259yi\u015fdirilm\u0259si \u00fc\u00e7\u00fcn uy\u011fun olub-olmad\u0131\u011f\u0131n\u0131 m\u00fc\u0259yy\u0259n ed\u0259c\u0259k.<\/li><li>\u0130ddia t\u0259sdiql\u0259n\u0259rs\u0259, biz siz\u0259 he\u00e7 bir \u00f6d\u0259ni\u015f etm\u0259d\u0259n m\u0259hsulu t\u0259mir ed\u0259c\u0259yik v\u0259 ya d\u0259yi\u015fdir\u0259c\u0259yik.<\/li><\/ol><h3><strong>M\u0259suliyy\u0259t m\u0259hdudiyy\u0259ti:<\/strong><\/h3><p>Altimod he\u00e7 bir halda, itirilmi\u015f m\u0259nf\u0259\u0259t, m\u0259lumat itkisi v\u0259 ya istifad\u0259 itkisi daxil olmaqla, lakin bununla m\u0259hdudla\u015fmayaraq, m\u0259hsullar\u0131m\u0131z\u0131n istifad\u0259si n\u0259tic\u0259sind\u0259 v\u0259 ya onunla \u0259laq\u0259dar yaranan h\u0259r hans\u0131 t\u0259sad\u00fcfi, ard\u0131c\u0131l v\u0259 ya x\u00fcsusi ziyana g\u00f6r\u0259 m\u0259suliyy\u0259t da\u015f\u0131m\u0131r.<\/p><h3><strong>Dig\u0259r \u015e\u0259rtl\u0259r:<\/strong><\/h3><p>- Bu z\u0259man\u0259t siz\u0259 x\u00fcsusi qanuni h\u00fcquqlar verir v\u0259 sizin d\u00f6vl\u0259td\u0259n \u015ftata d\u0259yi\u015f\u0259n ba\u015fqa h\u00fcquqlar\u0131n\u0131z da ola bil\u0259r.<\/p><p>- Altimod \u0259vv\u0259lc\u0259d\u0259n x\u0259b\u0259rdarl\u0131q etm\u0259d\u0259n ist\u0259nil\u0259n vaxt bu z\u0259man\u0259t siyas\u0259tini d\u0259yi\u015fdirm\u0259k v\u0259 ya yenil\u0259m\u0259k h\u00fcququnu \u00f6z\u00fcnd\u0259 saxlay\u0131r.<\/p><p>Z\u0259man\u0259t iddian\u0131zla ba\u011fl\u0131 h\u0259r hans\u0131 sual\u0131n\u0131z v\u0259 ya k\u00f6m\u0259y\u0259 ehtiyac\u0131n\u0131z varsa, m\u00fc\u015ft\u0259ri xidm\u0259ti komandam\u0131zla \u0259laq\u0259 saxlamaqdan \u00e7\u0259kinm\u0259yin. Altimod se\u00e7diyiniz \u00fc\u00e7\u00fcn t\u0259\u015f\u0259kk\u00fcr edirik.<\/p><p><strong>Son yenil\u0259m\u0259: 31.03.2024<\/strong><\/p>\t\t\t\t<\/div>\n\t\t\t\t\t<\/div>\n\t\t\t\t<\/div>\n\t\t\t\t<\/div>\n\t\t\t\t<div class=\"elementor-element elementor-element-a660c4d elementor-widget elementor-widget-wd_button\" data-id=\"a660c4d\" data-element_type=\"widget\" data-widget_type=\"wd_button.default\">\n\t\t\t\t<div class=\"elementor-widget-container\">\n\t\t\t\t\t<div class=\"wd-button-wrapper text-left\" >\n\t\t\t<a class=\"btn btn-style-default btn-style-rectangle btn-size-default btn-color-primary btn-icon-pos-right\"  href=\"https:\/\/altimod.az\/magaza-altimod\/\">\n\t\t\t\t<span class=\"wd-btn-text\" data-elementor-setting-key=\"text\">\n\t\t\t\t\tMa\u011fazan\u0131 g\u0259z\t\t\t\t<\/span>\n\n\t\t\t\t\t\t\t<\/a>\n\t\t<\/div>\n\t\t\t\t<\/div>\n\t\t\t\t<\/div>\n\t\t\t\t\t<\/div>\n\t\t<\/div>\n\t\t\t\t\t<\/div>\n\t\t<\/section>\n\t\t\t\t<\/div>","protected":false},"excerpt":{"rendered":"<p>Z\u0259man\u0259t Altimod se\u00e7diyiniz \u00fc\u00e7\u00fcn t\u0259\u015f\u0259kk\u00fcr edirik. Biz y\u00fcks\u0259k keyfiyy\u0259tli m\u0259hsullar t\u0259qdim etm\u0259y\u0259 v\u0259 sizin m\u0259mnuniyy\u0259tinizi t\u0259min etm\u0259y\u0259 \u00e7al\u0131\u015f\u0131r\u0131q. Z\u0259hm\u0259t olmasa<\/p>","protected":false},"author":1,"featured_media":0,"parent":0,"menu_order":0,"comment_status":"closed","ping_status":"closed","template":"","meta":{"_joinchat":[],"footnotes":""},"class_list":["post-22970","page","type-page","status-publish","hentry"],"_links":{"self":[{"href":"https:\/\/altimod.az\/en\/wp-json\/wp\/v2\/pages\/22970","targetHints":{"allow":["GET"]}}],"collection":[{"href":"https:\/\/altimod.az\/en\/wp-json\/wp\/v2\/pages"}],"about":[{"href":"https:\/\/altimod.az\/en\/wp-json\/wp\/v2\/types\/page"}],"author":[{"embeddable":true,"href":"https:\/\/altimod.az\/en\/wp-json\/wp\/v2\/users\/1"}],"replies":[{"embeddable":true,"href":"https:\/\/altimod.az\/en\/wp-json\/wp\/v2\/comments?post=22970"}],"version-history":[{"count":7,"href":"https:\/\/altimod.az\/en\/wp-json\/wp\/v2\/pages\/22970\/revisions"}],"predecessor-version":[{"id":22978,"href":"https:\/\/altimod.az\/en\/wp-json\/wp\/v2\/pages\/22970\/revisions\/22978"}],"wp:attachment":[{"href":"https:\/\/altimod.az\/en\/wp-json\/wp\/v2\/media?parent=22970"}],"curies":[{"name":"wp","href":"https:\/\/api.w.org\/{rel}","templated":true}]}}