{"id":22986,"date":"2024-03-31T23:33:32","date_gmt":"2024-03-31T19:33:32","guid":{"rendered":"https:\/\/altimod.az\/?page_id=22986"},"modified":"2024-06-02T10:27:13","modified_gmt":"2024-06-02T06:27:13","slug":"saytdan-istifade-sertleri","status":"publish","type":"page","link":"https:\/\/altimod.az\/en\/saytdan-istifade-sertleri\/","title":{"rendered":"Site terms of use"},"content":{"rendered":"<div data-elementor-type=\"wp-page\" data-elementor-id=\"22986\" class=\"elementor elementor-22986\" data-elementor-post-type=\"page\">\n\t\t\t\t\t\t<section class=\"wd-negative-gap elementor-section elementor-top-section elementor-element elementor-element-4d51ab8b elementor-section-content-middle elementor-section-boxed elementor-section-height-default elementor-section-height-default\" data-id=\"4d51ab8b\" data-element_type=\"section\">\n\t\t\t\t\t\t<div class=\"elementor-container elementor-column-gap-wide\">\n\t\t\t\t\t<div class=\"elementor-column elementor-col-100 elementor-top-column elementor-element elementor-element-3e020eef\" data-id=\"3e020eef\" data-element_type=\"column\">\n\t\t\t<div class=\"elementor-widget-wrap elementor-element-populated\">\n\t\t\t\t\t\t<div class=\"elementor-element elementor-element-4c3dde70 wd-width-100 elementor-widget elementor-widget-wd_title\" data-id=\"4c3dde70\" data-element_type=\"widget\" data-widget_type=\"wd_title.default\">\n\t\t\t\t<div class=\"elementor-widget-container\">\n\t\t\t\t\t<div class=\"title-wrapper set-mb-s reset-last-child wd-title-color-default wd-title-style-default wd-title-size-default text-left\">\n\n\t\t\t\n\t\t\t<div class=\"liner-continer\">\n\t\t\t\t<h4 class=\"woodmart-title-container title wd-fontsize-l\">Site terms of use<\/h4> \n\t\t\t\t\t\t\t<\/div>\n\n\t\t\t\t\t\t\t<div class=\"title-after_title set-cont-mb-s reset-last-child wd-fontsize-xs\">\n\t\t\t\t\t<p>Altimod-un Vebsaytdan \u0130stifad\u0259 \u015e\u0259rtl\u0259ri v\u0259 Nec\u0259 Sifari\u015f etm\u0259 s\u0259hif\u0259sin\u0259 xo\u015f g\u0259lmisiniz. Burada siz bizim vebsayt\u0131m\u0131zdan istifad\u0259niz v\u0259 biziml\u0259 sifari\u015f verm\u0259k add\u0131mlar\u0131 il\u0259 ba\u011fl\u0131 vacib m\u0259lumatlar\u0131 tapa bil\u0259rsiniz.<\/p><p>\u00a0<\/p><h2><strong>Veb-saytdan istifad\u0259 \u015f\u0259rtl\u0259ri:<\/strong><\/h2><p>\u00a0<\/p><p>Veb sayt\u0131m\u0131za daxil olmaqla v\u0259 ya istifad\u0259 etm\u0259kl\u0259 siz a\u015fa\u011f\u0131dak\u0131 \u015f\u0259rtl\u0259r\u0259 \u0259m\u0259l etm\u0259y\u0259 raz\u0131la\u015f\u0131rs\u0131n\u0131z:<\/p><ol><li>M\u0259qbul \u0130stifad\u0259: Veb sayt\u0131m\u0131zdan qanuni m\u0259qs\u0259dl\u0259r \u00fc\u00e7\u00fcn istifad\u0259 edin v\u0259 h\u0259r hans\u0131 qeyri-qanuni, b\u00f6htan v\u0259 ya t\u0259hqiredici m\u0259zmunu d\u0259rc etm\u0259kd\u0259n v\u0259 ya \u00f6t\u00fcrm\u0259kd\u0259n \u00e7\u0259kinin.<\/li><li>\u018fqli M\u00fclkiyy\u0259t: Altimodun \u0259qli m\u00fclkiyy\u0259t h\u00fcquqlar\u0131na h\u00f6rm\u0259t edin v\u0259 bizim a\u00e7\u0131q raz\u0131l\u0131\u011f\u0131m\u0131z olmadan vebsayt\u0131m\u0131zdak\u0131 h\u0259r hans\u0131 m\u0259zmunu \u00e7oxaltmaqdan, yaymaqdan v\u0259 ya d\u0259yi\u015fdirm\u0259kd\u0259n \u00e7\u0259kinin.<\/li><li>\u00dc\u00e7\u00fcnc\u00fc \u015e\u0259xs Linkl\u0259ri: Anlay\u0131n ki, bizim vebsayt\u0131m\u0131z \u00fc\u00e7\u00fcnc\u00fc t\u0259r\u0259fin vebsaytlar\u0131na ke\u00e7idl\u0259r ehtiva ed\u0259 bil\u0259r v\u0259 biz bu saytlar\u0131n m\u0259zmunu v\u0259 ya m\u0259xfilik t\u0259cr\u00fcb\u0259l\u0259rin\u0259 g\u00f6r\u0259 m\u0259suliyy\u0259t da\u015f\u0131m\u0131r\u0131q.<\/li><li>Z\u0259man\u0259tl\u0259rd\u0259n \u0130mtina Edilm\u0259si: Etiraf edin ki, biz d\u0259qiq v\u0259 aktual m\u0259lumat t\u0259qdim etm\u0259y\u0259 \u00e7al\u0131\u015fsaq da, m\u0259zmunun d\u00fczg\u00fcnl\u00fcy\u00fcn\u0259 v\u0259 ya etibarl\u0131l\u0131\u011f\u0131na dair he\u00e7 bir z\u0259man\u0259t v\u0259 ya t\u0259qdimat vermirik.<\/li><li>M\u0259suliyy\u0259tin M\u0259hdudla\u015fd\u0131r\u0131lmas\u0131: Anlay\u0131n ki, Altimod itiril\u0259n m\u0259nf\u0259\u0259t v\u0259 ya m\u0259lumatlar daxil olmaqla, lakin bununla m\u0259hdudla\u015fmayaraq, vebsayt\u0131m\u0131z\u0131n istifad\u0259si n\u0259tic\u0259sind\u0259 v\u0259 ya onunla \u0259laq\u0259dar yaranan h\u0259r hans\u0131 z\u0259r\u0259r\u0259 g\u00f6r\u0259 m\u0259suliyy\u0259t da\u015f\u0131m\u0131r.<\/li><\/ol><p>\u00a0<\/p><h3><strong>Saytdan nec<\/strong><strong>\u0259 m\u0259hsul sifari\u015f verm\u0259k olar?<\/strong><\/h3><p>\u00a0<\/p><p>Altimod il\u0259 sifari\u015f verm\u0259k \u00fc\u00e7\u00fcn bu sad\u0259 add\u0131mlar\u0131 yerin\u0259 yetirin:<\/p><ol><li>M\u0259hsullar\u0131 n\u0259z\u0259rd\u0259n ke\u00e7irin: Veb sayt\u0131m\u0131z\u0131 ara\u015fd\u0131r\u0131n v\u0259 y\u00fcks\u0259k keyfiyy\u0259tli m\u0259hsullar kolleksiyam\u0131za n\u0259z\u0259r sal\u0131n.<\/li><li>Elementl\u0259ri se\u00e7in: Almaq ist\u0259diyiniz \u0259\u015fyalar\u0131 se\u00e7in v\u0259 onlar\u0131 al\u0131\u015f-veri\u015f s\u0259b\u0259tiniz\u0259 \u0259lav\u0259 edin.<\/li><li>S\u0259b\u0259ti n\u0259z\u0259rd\u0259n ke\u00e7irin: Al\u0131\u015f-veri\u015f s\u0259b\u0259tinizd\u0259ki \u0259\u015fyalar\u0131 n\u0259z\u0259rd\u0259n ke\u00e7irin, laz\u0131m olduqda miqdarlar\u0131 yenil\u0259yin v\u0259 \u00f6d\u0259ni\u015f\u0259 davam edin.<\/li><li>\u00d6d\u0259ni\u015f: G\u00f6nd\u0259rm\u0259 \u00fcnvan\u0131n\u0131z\u0131 daxil edin, \u00fcst\u00fcnl\u00fck verdiyiniz g\u00f6nd\u0259rm\u0259 \u00fcsulunu se\u00e7in v\u0259 al\u0131\u015f\u0131n\u0131z\u0131 tamamlamaq \u00fc\u00e7\u00fcn \u00f6d\u0259ni\u015f m\u0259lumat\u0131n\u0131 daxil edin.<\/li><li>T\u0259sdiq: Sifari\u015finiz u\u011furla yerl\u0259\u015fdirildikd\u0259n sonra, sat\u0131nalman\u0131z\u0131n t\u0259f\u0259rr\u00fcatlar\u0131 il\u0259 sifari\u015f t\u0259sdiqi e-po\u00e7tu alacaqs\u0131n\u0131z.<\/li><li>Sifari\u015fi izl\u0259yin: M\u0259hsullar\u0131n\u0131z g\u00f6nd\u0259rildikd\u0259n sonra veril\u0259n izl\u0259m\u0259 n\u00f6mr\u0259sind\u0259n istifad\u0259 ed\u0259r\u0259k sifari\u015finizin v\u0259ziyy\u0259tini izl\u0259yin.<\/li><\/ol><p>\u00a0<\/p><p>H\u0259r hans\u0131 bir sual\u0131n\u0131z varsa v\u0259 ya sifari\u015f verm\u0259kl\u0259 ba\u011fl\u0131 k\u00f6m\u0259y\u0259 ehtiyac\u0131n\u0131z varsa, l\u00fctf\u0259n, [\u0259laq\u0259 m\u0259lumat\u0131n\u0131 daxil edin] \u00fcnvan\u0131nda m\u00fc\u015ft\u0259ri xidm\u0259tl\u0259ri komandam\u0131zla \u0259laq\u0259 saxlamaqdan \u00e7\u0259kinm\u0259yin. Altimod il\u0259 al\u0131\u015f-veri\u015f t\u0259cr\u00fcb\u0259nizi q\u00fcsursuz v\u0259 z\u00f6vql\u00fc etm\u0259y\u0259 k\u00f6m\u0259k etm\u0259k \u00fc\u00e7\u00fcn buraday\u0131q.<\/p><p>\u00a0<\/p><p>Altimod se\u00e7diyiniz \u00fc\u00e7\u00fcn t\u0259\u015f\u0259kk\u00fcr edirik. Siz\u0259 xidm\u0259t etm\u0259yi s\u0259birsizlikl\u0259 g\u00f6zl\u0259yirik!<\/p><p>\u00a0<\/p><p>Son yenil\u0259m\u0259: 31.03.2024<\/p>\t\t\t\t<\/div>\n\t\t\t\t\t<\/div>\n\t\t\t\t<\/div>\n\t\t\t\t<\/div>\n\t\t\t\t<div class=\"elementor-element elementor-element-a660c4d elementor-widget elementor-widget-wd_button\" data-id=\"a660c4d\" data-element_type=\"widget\" data-widget_type=\"wd_button.default\">\n\t\t\t\t<div class=\"elementor-widget-container\">\n\t\t\t\t\t<div class=\"wd-button-wrapper text-left\" >\n\t\t\t<a class=\"btn btn-style-default btn-style-rectangle btn-size-default btn-color-primary btn-icon-pos-right\"  href=\"https:\/\/altimod.az\/magaza-altimod\/\">\n\t\t\t\t<span class=\"wd-btn-text\" data-elementor-setting-key=\"text\">\n\t\t\t\t\tMa\u011fazan\u0131 g\u0259z\t\t\t\t<\/span>\n\n\t\t\t\t\t\t\t<\/a>\n\t\t<\/div>\n\t\t\t\t<\/div>\n\t\t\t\t<\/div>\n\t\t\t\t\t<\/div>\n\t\t<\/div>\n\t\t\t\t\t<\/div>\n\t\t<\/section>\n\t\t\t\t<\/div>","protected":false},"excerpt":{"rendered":"<p>Saytdan istifad\u0259 \u015f\u0259rtl\u0259ri Altimod-un Vebsaytdan \u0130stifad\u0259 \u015e\u0259rtl\u0259ri v\u0259 Nec\u0259 Sifari\u015f etm\u0259 s\u0259hif\u0259sin\u0259 xo\u015f g\u0259lmisiniz. Burada siz bizim vebsayt\u0131m\u0131zdan istifad\u0259niz v\u0259<\/p>","protected":false},"author":1,"featured_media":0,"parent":0,"menu_order":0,"comment_status":"closed","ping_status":"closed","template":"","meta":{"_joinchat":[],"footnotes":""},"class_list":["post-22986","page","type-page","status-publish","hentry"],"_links":{"self":[{"href":"https:\/\/altimod.az\/en\/wp-json\/wp\/v2\/pages\/22986","targetHints":{"allow":["GET"]}}],"collection":[{"href":"https:\/\/altimod.az\/en\/wp-json\/wp\/v2\/pages"}],"about":[{"href":"https:\/\/altimod.az\/en\/wp-json\/wp\/v2\/types\/page"}],"author":[{"embeddable":true,"href":"https:\/\/altimod.az\/en\/wp-json\/wp\/v2\/users\/1"}],"replies":[{"embeddable":true,"href":"https:\/\/altimod.az\/en\/wp-json\/wp\/v2\/comments?post=22986"}],"version-history":[{"count":4,"href":"https:\/\/altimod.az\/en\/wp-json\/wp\/v2\/pages\/22986\/revisions"}],"predecessor-version":[{"id":22990,"href":"https:\/\/altimod.az\/en\/wp-json\/wp\/v2\/pages\/22986\/revisions\/22990"}],"wp:attachment":[{"href":"https:\/\/altimod.az\/en\/wp-json\/wp\/v2\/media?parent=22986"}],"curies":[{"name":"wp","href":"https:\/\/api.w.org\/{rel}","templated":true}]}}