{"id":24023,"date":"2024-10-23T17:54:50","date_gmt":"2024-10-23T13:54:50","guid":{"rendered":"https:\/\/altimod.az\/?post_type=product&#038;p=24023"},"modified":"2026-03-01T21:52:14","modified_gmt":"2026-03-01T17:52:14","slug":"kisi-ayaqqabi-pol-klassik-natural-d%c9%99ri-q%c9%99hv%c9%99yi-nubuk","status":"publish","type":"product","link":"https:\/\/altimod.az\/en\/product\/kisi-ayaqqabi-pol-klassik-natural-d%c9%99ri-q%c9%99hv%c9%99yi-nubuk\/","title":{"rendered":"Ki\u015fi ayaqqab\u0131 pol klassik- natural d\u0259ri, q\u0259hv\u0259yi nubuk"},"content":{"rendered":"","protected":false},"excerpt":{"rendered":"<p>K\u00fc\u00e7\u0259d\u0259n ofis\u0259 q\u0259d\u0259r h\u0259r yer\u0259 yara\u015fan faydal\u0131 pol klassik ayaqqab\u0131. \u0130st\u0259nil\u0259n r\u0259ng v\u0259 \u00fcslubda \u015falvarla geyin\u0259 bil\u0259c\u0259yiniz bu model daxili yast\u0131qlar\u0131, termo altl\u0131\u011f\u0131 v\u0259 g\u00f6vd\u0259si say\u0259sind\u0259 y\u00fcng\u00fcl, elastik v\u0259 rahatd\u0131r.<\/p>","protected":false},"featured_media":23945,"comment_status":"open","ping_status":"closed","template":"","meta":{"_joinchat":[]},"product_cat":[32,42,28],"product_tag":[105,115,128],"class_list":{"0":"post-24023","1":"product","2":"type-product","3":"status-publish","4":"has-post-thumbnail","6":"product_cat-gundelik","7":"product_cat-klassik","8":"product_cat-qis","9":"product_tag-natural-dri","10":"product_tag-pol-klassik","11":"product_tag-turkiy","13":"first","14":"instock","15":"sale","16":"shipping-taxable","17":"purchasable","18":"product-type-variable"},"_links":{"self":[{"href":"https:\/\/altimod.az\/en\/wp-json\/wp\/v2\/product\/24023","targetHints":{"allow":["GET"]}}],"collection":[{"href":"https:\/\/altimod.az\/en\/wp-json\/wp\/v2\/product"}],"about":[{"href":"https:\/\/altimod.az\/en\/wp-json\/wp\/v2\/types\/product"}],"replies":[{"embeddable":true,"href":"https:\/\/altimod.az\/en\/wp-json\/wp\/v2\/comments?post=24023"}],"version-history":[{"count":2,"href":"https:\/\/altimod.az\/en\/wp-json\/wp\/v2\/product\/24023\/revisions"}],"predecessor-version":[{"id":24030,"href":"https:\/\/altimod.az\/en\/wp-json\/wp\/v2\/product\/24023\/revisions\/24030"}],"wp:featuredmedia":[{"embeddable":true,"href":"https:\/\/altimod.az\/en\/wp-json\/wp\/v2\/media\/23945"}],"wp:attachment":[{"href":"https:\/\/altimod.az\/en\/wp-json\/wp\/v2\/media?parent=24023"}],"wp:term":[{"taxonomy":"product_cat","embeddable":true,"href":"https:\/\/altimod.az\/en\/wp-json\/wp\/v2\/product_cat?post=24023"},{"taxonomy":"product_tag","embeddable":true,"href":"https:\/\/altimod.az\/en\/wp-json\/wp\/v2\/product_tag?post=24023"}],"curies":[{"name":"wp","href":"https:\/\/api.w.org\/{rel}","templated":true}]}}