{"id":24138,"date":"2024-10-23T21:03:44","date_gmt":"2024-10-23T17:03:44","guid":{"rendered":"https:\/\/altimod.az\/?post_type=product&#038;p=24138"},"modified":"2024-11-06T13:05:58","modified_gmt":"2024-11-06T09:05:58","slug":"kisi-ayaqqabi-premium-sport-natural-d%c9%99ri-qara-8","status":"publish","type":"product","link":"https:\/\/altimod.az\/en\/product\/kisi-ayaqqabi-premium-sport-natural-d%c9%99ri-qara-8\/","title":{"rendered":"Ki\u015fi ayaqqab\u0131 premium sport &#8211; natural d\u0259ri, qara"},"content":{"rendered":"","protected":false},"excerpt":{"rendered":"<p>K\u00fc\u00e7\u0259d\u0259n ofis\u0259 q\u0259d\u0259r h\u0259r yer\u0259 yara\u015fan faydal\u0131 idman ayaqqab\u0131s\u0131. \u0130st\u0259nil\u0259n r\u0259ng v\u0259 \u00fcslubda \u015falvar v\u0259 \u015fortikl\u0259 geyin\u0259 bil\u0259c\u0259yiniz bu model daxili yast\u0131qlar\u0131, eva altl\u0131\u011f\u0131 v\u0259 g\u00f6vd\u0259si say\u0259sind\u0259 y\u00fcng\u00fcl, elastik v\u0259 rahatd\u0131r.<\/p>","protected":false},"featured_media":24110,"comment_status":"open","ping_status":"closed","template":"","meta":{"_joinchat":[]},"product_cat":[20],"product_tag":[],"class_list":{"0":"post-24138","1":"product","2":"type-product","3":"status-publish","4":"has-post-thumbnail","6":"product_cat-aksesuarlar","8":"first","9":"instock","10":"sale","11":"shipping-taxable","12":"purchasable","13":"product-type-variable"},"_links":{"self":[{"href":"https:\/\/altimod.az\/en\/wp-json\/wp\/v2\/product\/24138","targetHints":{"allow":["GET"]}}],"collection":[{"href":"https:\/\/altimod.az\/en\/wp-json\/wp\/v2\/product"}],"about":[{"href":"https:\/\/altimod.az\/en\/wp-json\/wp\/v2\/types\/product"}],"replies":[{"embeddable":true,"href":"https:\/\/altimod.az\/en\/wp-json\/wp\/v2\/comments?post=24138"}],"version-history":[{"count":2,"href":"https:\/\/altimod.az\/en\/wp-json\/wp\/v2\/product\/24138\/revisions"}],"predecessor-version":[{"id":24171,"href":"https:\/\/altimod.az\/en\/wp-json\/wp\/v2\/product\/24138\/revisions\/24171"}],"wp:featuredmedia":[{"embeddable":true,"href":"https:\/\/altimod.az\/en\/wp-json\/wp\/v2\/media\/24110"}],"wp:attachment":[{"href":"https:\/\/altimod.az\/en\/wp-json\/wp\/v2\/media?parent=24138"}],"wp:term":[{"taxonomy":"product_cat","embeddable":true,"href":"https:\/\/altimod.az\/en\/wp-json\/wp\/v2\/product_cat?post=24138"},{"taxonomy":"product_tag","embeddable":true,"href":"https:\/\/altimod.az\/en\/wp-json\/wp\/v2\/product_tag?post=24138"}],"curies":[{"name":"wp","href":"https:\/\/api.w.org\/{rel}","templated":true}]}}