{"id":24657,"date":"2024-10-25T17:30:05","date_gmt":"2024-10-25T13:30:05","guid":{"rendered":"https:\/\/altimod.az\/?post_type=product&#038;p=24657"},"modified":"2025-01-15T19:32:34","modified_gmt":"2025-01-15T15:32:34","slug":"kisi-ayaqqabi-su-kecirtmez-parca-qara","status":"publish","type":"product","link":"https:\/\/altimod.az\/en\/product\/kisi-ayaqqabi-su-kecirtmez-parca-qara\/","title":{"rendered":"Ki\u015fi ayaqqab\u0131 su ke\u00e7irtmez par\u00e7a &#8211; qara"},"content":{"rendered":"","protected":false},"excerpt":{"rendered":"<p>K\u00fc\u00e7\u0259d\u0259n ofis\u0259 q\u0259d\u0259r h\u0259r yer\u0259 yara\u015fan faydal\u0131 sport ayaqqab\u0131. \u0130st\u0259nil\u0259n r\u0259ng v\u0259 \u00fcslubda \u015falvarla geyin\u0259 bil\u0259c\u0259yiniz bu model daxili yast\u0131qlar\u0131, poliuretan altl\u0131\u011f\u0131 v\u0259 g\u00f6vd\u0259si say\u0259sind\u0259 y\u00fcng\u00fcl, elastik v\u0259 rahatd\u0131r.<\/p>","protected":false},"featured_media":24468,"comment_status":"open","ping_status":"closed","template":"","meta":{"_joinchat":[]},"product_cat":[32,110],"product_tag":[112,132,151,111],"class_list":{"0":"post-24657","1":"product","2":"type-product","3":"status-publish","4":"has-post-thumbnail","6":"product_cat-gundelik","7":"product_cat-sport","8":"product_tag-gundlik","9":"product_tag-ortoped","10":"product_tag-premium","11":"product_tag-sport","13":"first","14":"instock","15":"sale","16":"shipping-taxable","17":"purchasable","18":"product-type-variable"},"_links":{"self":[{"href":"https:\/\/altimod.az\/en\/wp-json\/wp\/v2\/product\/24657","targetHints":{"allow":["GET"]}}],"collection":[{"href":"https:\/\/altimod.az\/en\/wp-json\/wp\/v2\/product"}],"about":[{"href":"https:\/\/altimod.az\/en\/wp-json\/wp\/v2\/types\/product"}],"replies":[{"embeddable":true,"href":"https:\/\/altimod.az\/en\/wp-json\/wp\/v2\/comments?post=24657"}],"version-history":[{"count":1,"href":"https:\/\/altimod.az\/en\/wp-json\/wp\/v2\/product\/24657\/revisions"}],"predecessor-version":[{"id":24662,"href":"https:\/\/altimod.az\/en\/wp-json\/wp\/v2\/product\/24657\/revisions\/24662"}],"wp:featuredmedia":[{"embeddable":true,"href":"https:\/\/altimod.az\/en\/wp-json\/wp\/v2\/media\/24468"}],"wp:attachment":[{"href":"https:\/\/altimod.az\/en\/wp-json\/wp\/v2\/media?parent=24657"}],"wp:term":[{"taxonomy":"product_cat","embeddable":true,"href":"https:\/\/altimod.az\/en\/wp-json\/wp\/v2\/product_cat?post=24657"},{"taxonomy":"product_tag","embeddable":true,"href":"https:\/\/altimod.az\/en\/wp-json\/wp\/v2\/product_tag?post=24657"}],"curies":[{"name":"wp","href":"https:\/\/api.w.org\/{rel}","templated":true}]}}