{"id":23309,"date":"2024-04-05T02:51:24","date_gmt":"2024-04-04T22:51:24","guid":{"rendered":"https:\/\/altimod.az\/?post_type=product&#038;p=23309"},"modified":"2024-06-01T20:41:40","modified_gmt":"2024-06-01T16:41:40","slug":"kisi-ayaqqabi-pol-klassik-natural-d%c9%99ri-qara-5","status":"publish","type":"product","link":"https:\/\/altimod.az\/ru\/product\/kisi-ayaqqabi-pol-klassik-natural-d%c9%99ri-qara-5\/","title":{"rendered":"Ki\u015fi ayaqqab\u0131 pol klassik- natural d\u0259ri, qara"},"content":{"rendered":"<div data-elementor-type=\"wp-post\" data-elementor-id=\"23309\" class=\"elementor elementor-23309\" data-elementor-post-type=\"product\">\n\t\t\t\t<div class=\"wd-negative-gap elementor-element elementor-element-2f0d357 e-flex e-con-boxed e-con e-parent\" data-id=\"2f0d357\" data-element_type=\"container\" data-core-v316-plus=\"true\">\n\t\t\t\t\t<div class=\"e-con-inner\">\n\t\t\t\t<div class=\"elementor-element elementor-element-fbaa851 elementor-widget__width-initial elementor-widget elementor-widget-wd_text_block\" data-id=\"fbaa851\" data-element_type=\"widget\" data-widget_type=\"wd_text_block.default\">\n\t\t\t\t<div class=\"elementor-widget-container\">\n\t\t\t\t\t<div class=\"wd-text-block reset-last-child text-left\">\n\t\t\t\n\t\t\t<h3>\u0428\u0430\u0433 \u0432 \u0432\u043d\u0435\u0432\u0440\u0435\u043c\u0435\u043d\u043d\u0443\u044e \u044d\u043b\u0435\u0433\u0430\u043d\u0442\u043d\u043e\u0441\u0442\u044c<\/h3><p>\u00d6z\u0259l g\u00fcnl\u0259rinizd\u0259 z\u0259rifliyinizd\u0259n \u00f6d\u00fcn verm\u0259d\u0259n daha uzun g\u00f6r\u00fcnm\u0259yin \u0259n asan v\u0259 praktik yolu boyu art\u0131ran gizli daban ayaqqab\u0131lard\u0131r. \u018fn vacib g\u00fcnl\u0259rinizd\u0259 sizi m\u00fc\u015fayi\u0259t etm\u0259k \u00fc\u00e7\u00fcn diqq\u0259tl\u0259 haz\u0131rlanm\u0131\u015f italyan \u00fcslublu ayaqqab\u0131lar\u0131m\u0131z k\u0259nardan he\u00e7 vaxt diqq\u0259t \u00e7\u0259km\u0259y\u0259c\u0259k bir g\u00f6r\u00fcn\u00fc\u015f\u0259 malikdir v\u0259 onlar\u0131 geyindiyiniz zaman adi ayaqqab\u0131dan he\u00e7 bir f\u0259rqi hiss etmir.<\/p><p>Altl\u0131q italyan d\u0259risidir. T\u0259r v\u0259 suya davaml\u0131 altl\u0131q texnologiyas\u0131 say\u0259sind\u0259 yay v\u0259 q\u0131\u015f istifad\u0259si \u00fc\u00e7\u00fcn uy\u011fundur. A\u015f\u0131nma m\u00fcqavim\u0259ti \u00e7ox y\u00fcks\u0259kdir. S\u00fcr\u00fc\u015fm\u0259 m\u00fcqavim\u0259ti \u00e7ox a\u015fa\u011f\u0131d\u0131r. Kal\u0131p dolu q\u0259libdir.<\/p>\n\t\t\t\t\t<\/div>\n\t\t\t\t<\/div>\n\t\t\t\t<\/div>\n\t\t\t\t<div class=\"elementor-element elementor-element-da6c73c elementor-widget__width-initial elementor-widget elementor-widget-wd_image_or_svg\" data-id=\"da6c73c\" data-element_type=\"widget\" data-widget_type=\"wd_image_or_svg.default\">\n\t\t\t\t<div class=\"elementor-widget-container\">\n\t\t\t\n\t\t<div class=\"wd-image text-left\">\n\t\t\t\t\t\t\t\t<img fetchpriority=\"high\" decoding=\"async\" width=\"750\" height=\"373\" src=\"https:\/\/altimod.az\/wp-content\/uploads\/2024\/04\/3.jpg\" class=\"attachment-full size-full\" alt=\"\" srcset=\"https:\/\/altimod.az\/wp-content\/uploads\/2024\/04\/3.jpg 750w, https:\/\/altimod.az\/wp-content\/uploads\/2024\/04\/3-400x199.jpg 400w, https:\/\/altimod.az\/wp-content\/uploads\/2024\/04\/3-18x9.jpg 18w, https:\/\/altimod.az\/wp-content\/uploads\/2024\/04\/3-430x214.jpg 430w, https:\/\/altimod.az\/wp-content\/uploads\/2024\/04\/3-700x348.jpg 700w, https:\/\/altimod.az\/wp-content\/uploads\/2024\/04\/3-150x75.jpg 150w\" sizes=\"(max-width: 750px) 100vw, 750px\" \/>\t\t\t\t\t<\/div>\n\n\t\t\t\t<\/div>\n\t\t\t\t<\/div>\n\t\t\t\t\t<\/div>\n\t\t\t\t<\/div>\n\t\t\t\t<\/div>","protected":false},"excerpt":{"rendered":"<p>\u041f\u043e\u043b\u0435\u0437\u043d\u044b\u0435 \u043a\u0440\u043e\u0441\u0441\u043e\u0432\u043a\u0438, \u043a\u043e\u0442\u043e\u0440\u044b\u0435 \u043c\u043e\u0436\u043d\u043e \u043d\u043e\u0441\u0438\u0442\u044c \u0433\u0434\u0435 \u0443\u0433\u043e\u0434\u043d\u043e: \u043e\u0442 \u0443\u043b\u0438\u0446\u044b \u0434\u043e \u043e\u0444\u0438\u0441\u0430. \u042d\u0442\u0430 \u043c\u043e\u0434\u0435\u043b\u044c, \u043a\u043e\u0442\u043e\u0440\u0443\u044e \u043c\u043e\u0436\u043d\u043e \u043d\u043e\u0441\u0438\u0442\u044c \u0441 \u0431\u0440\u044e\u043a\u0430\u043c\u0438 \u0438 \u0448\u043e\u0440\u0442\u0430\u043c\u0438 \u043b\u044e\u0431\u043e\u0433\u043e \u0446\u0432\u0435\u0442\u0430 \u0438 \u0441\u0442\u0438\u043b\u044f, \u043b\u0435\u0433\u043a\u0430\u044f, \u0433\u0438\u0431\u043a\u0430\u044f \u0438 \u0443\u0434\u043e\u0431\u043d\u0430\u044f \u0431\u043b\u0430\u0433\u043e\u0434\u0430\u0440\u044f \u0432\u043d\u0443\u0442\u0440\u0435\u043d\u043d\u0438\u043c \u043f\u043e\u0434\u0443\u0448\u043a\u0430\u043c, \u043f\u043e\u043b\u0438\u0443\u0440\u0435\u0442\u0430\u043d\u043e\u0432\u043e\u0439 \u043f\u043e\u0434\u043e\u0448\u0432\u0435 \u0438 \u043a\u043e\u0440\u043f\u0443\u0441\u0443.<\/p>","protected":false},"featured_media":23794,"comment_status":"closed","ping_status":"closed","template":"","meta":{"_joinchat":[]},"product_cat":[110],"product_tag":[105,115,106],"class_list":{"0":"post-23309","1":"product","2":"type-product","3":"status-publish","4":"has-post-thumbnail","6":"product_cat-sport","7":"product_tag-natural-dri","8":"product_tag-pol-klassik","9":"product_tag-qara","11":"first","12":"instock","13":"shipping-taxable","14":"purchasable","15":"product-type-variable"},"_links":{"self":[{"href":"https:\/\/altimod.az\/ru\/wp-json\/wp\/v2\/product\/23309","targetHints":{"allow":["GET"]}}],"collection":[{"href":"https:\/\/altimod.az\/ru\/wp-json\/wp\/v2\/product"}],"about":[{"href":"https:\/\/altimod.az\/ru\/wp-json\/wp\/v2\/types\/product"}],"replies":[{"embeddable":true,"href":"https:\/\/altimod.az\/ru\/wp-json\/wp\/v2\/comments?post=23309"}],"version-history":[{"count":2,"href":"https:\/\/altimod.az\/ru\/wp-json\/wp\/v2\/product\/23309\/revisions"}],"predecessor-version":[{"id":23858,"href":"https:\/\/altimod.az\/ru\/wp-json\/wp\/v2\/product\/23309\/revisions\/23858"}],"wp:featuredmedia":[{"embeddable":true,"href":"https:\/\/altimod.az\/ru\/wp-json\/wp\/v2\/media\/23794"}],"wp:attachment":[{"href":"https:\/\/altimod.az\/ru\/wp-json\/wp\/v2\/media?parent=23309"}],"wp:term":[{"taxonomy":"product_cat","embeddable":true,"href":"https:\/\/altimod.az\/ru\/wp-json\/wp\/v2\/product_cat?post=23309"},{"taxonomy":"product_tag","embeddable":true,"href":"https:\/\/altimod.az\/ru\/wp-json\/wp\/v2\/product_tag?post=23309"}],"curies":[{"name":"wp","href":"https:\/\/api.w.org\/{rel}","templated":true}]}}