{"id":24350,"date":"2024-10-24T18:52:27","date_gmt":"2024-10-24T14:52:27","guid":{"rendered":"https:\/\/altimod.az\/?post_type=product&#038;p=24350"},"modified":"2024-10-24T18:52:27","modified_gmt":"2024-10-24T14:52:27","slug":"kisi-ayaqqabi-premium-pol-klassik-natural-d%c9%99ri-q%c9%99hv%c9%99yi","status":"publish","type":"product","link":"https:\/\/altimod.az\/ru\/product\/kisi-ayaqqabi-premium-pol-klassik-natural-d%c9%99ri-q%c9%99hv%c9%99yi\/","title":{"rendered":"Ki\u015fi ayaqqab\u0131 premium pol klassik &#8211; natural d\u0259ri, q\u0259hv\u0259yi"},"content":{"rendered":"","protected":false},"excerpt":{"rendered":"<p>K\u00fc\u00e7\u0259d\u0259n ofis\u0259 q\u0259d\u0259r h\u0259r yer\u0259 yara\u015fan faydal\u0131 pol klassik ayaqqab\u0131. \u0130st\u0259nil\u0259n r\u0259ng v\u0259 \u00fcslubda \u015falvarla geyin\u0259 bil\u0259c\u0259yiniz bu model daxili yast\u0131qlar\u0131, eva altl\u0131\u011f\u0131 v\u0259 g\u00f6vd\u0259si say\u0259sind\u0259 y\u00fcng\u00fcl, elastik v\u0259 rahatd\u0131r.<\/p>","protected":false},"featured_media":24269,"comment_status":"open","ping_status":"closed","template":"","meta":{"_joinchat":[]},"product_cat":[42,32,144],"product_tag":[112,105,115,128],"class_list":{"0":"post-24350","1":"product","2":"type-product","3":"status-publish","4":"has-post-thumbnail","6":"product_cat-klassik","7":"product_cat-gundelik","8":"product_cat-pol-klassik","9":"product_tag-gundlik","10":"product_tag-natural-dri","11":"product_tag-pol-klassik","12":"product_tag-turkiy","14":"first","15":"instock","16":"shipping-taxable","17":"purchasable","18":"product-type-variable"},"_links":{"self":[{"href":"https:\/\/altimod.az\/ru\/wp-json\/wp\/v2\/product\/24350","targetHints":{"allow":["GET"]}}],"collection":[{"href":"https:\/\/altimod.az\/ru\/wp-json\/wp\/v2\/product"}],"about":[{"href":"https:\/\/altimod.az\/ru\/wp-json\/wp\/v2\/types\/product"}],"replies":[{"embeddable":true,"href":"https:\/\/altimod.az\/ru\/wp-json\/wp\/v2\/comments?post=24350"}],"version-history":[{"count":1,"href":"https:\/\/altimod.az\/ru\/wp-json\/wp\/v2\/product\/24350\/revisions"}],"predecessor-version":[{"id":24355,"href":"https:\/\/altimod.az\/ru\/wp-json\/wp\/v2\/product\/24350\/revisions\/24355"}],"wp:featuredmedia":[{"embeddable":true,"href":"https:\/\/altimod.az\/ru\/wp-json\/wp\/v2\/media\/24269"}],"wp:attachment":[{"href":"https:\/\/altimod.az\/ru\/wp-json\/wp\/v2\/media?parent=24350"}],"wp:term":[{"taxonomy":"product_cat","embeddable":true,"href":"https:\/\/altimod.az\/ru\/wp-json\/wp\/v2\/product_cat?post=24350"},{"taxonomy":"product_tag","embeddable":true,"href":"https:\/\/altimod.az\/ru\/wp-json\/wp\/v2\/product_tag?post=24350"}],"curies":[{"name":"wp","href":"https:\/\/api.w.org\/{rel}","templated":true}]}}