{"id":24369,"date":"2024-10-24T18:59:31","date_gmt":"2024-10-24T14:59:31","guid":{"rendered":"https:\/\/altimod.az\/?post_type=product&#038;p=24369"},"modified":"2024-10-24T18:59:31","modified_gmt":"2024-10-24T14:59:31","slug":"kisi-ayaqqabi-premium-klassik-natural-d%c9%99ri-qara-4","status":"publish","type":"product","link":"https:\/\/altimod.az\/ru\/product\/kisi-ayaqqabi-premium-klassik-natural-d%c9%99ri-qara-4\/","title":{"rendered":"Ki\u015fi ayaqqab\u0131 premium klassik &#8211; natural d\u0259ri, qara"},"content":{"rendered":"","protected":false},"excerpt":{"rendered":"<p>K\u00fc\u00e7\u0259d\u0259n ofis\u0259 q\u0259d\u0259r h\u0259r yer\u0259 yara\u015fan faydal\u0131 pol klassik ayaqqab\u0131. \u0130st\u0259nil\u0259n r\u0259ng v\u0259 \u00fcslubda \u015falvarla geyin\u0259 bil\u0259c\u0259yiniz bu model daxili yast\u0131qlar\u0131, neolit altl\u0131\u011f\u0131 v\u0259 g\u00f6vd\u0259si say\u0259sind\u0259 y\u00fcng\u00fcl, elastik v\u0259 rahatd\u0131r.<\/p>","protected":false},"featured_media":24284,"comment_status":"open","ping_status":"closed","template":"","meta":{"_joinchat":[]},"product_cat":[42,32],"product_tag":[112,104,105,128],"class_list":{"0":"post-24369","1":"product","2":"type-product","3":"status-publish","4":"has-post-thumbnail","6":"product_cat-klassik","7":"product_cat-gundelik","8":"product_tag-gundlik","9":"product_tag-klassik","10":"product_tag-natural-dri","11":"product_tag-turkiy","13":"first","14":"instock","15":"shipping-taxable","16":"purchasable","17":"product-type-variable"},"_links":{"self":[{"href":"https:\/\/altimod.az\/ru\/wp-json\/wp\/v2\/product\/24369","targetHints":{"allow":["GET"]}}],"collection":[{"href":"https:\/\/altimod.az\/ru\/wp-json\/wp\/v2\/product"}],"about":[{"href":"https:\/\/altimod.az\/ru\/wp-json\/wp\/v2\/types\/product"}],"replies":[{"embeddable":true,"href":"https:\/\/altimod.az\/ru\/wp-json\/wp\/v2\/comments?post=24369"}],"version-history":[{"count":1,"href":"https:\/\/altimod.az\/ru\/wp-json\/wp\/v2\/product\/24369\/revisions"}],"predecessor-version":[{"id":24374,"href":"https:\/\/altimod.az\/ru\/wp-json\/wp\/v2\/product\/24369\/revisions\/24374"}],"wp:featuredmedia":[{"embeddable":true,"href":"https:\/\/altimod.az\/ru\/wp-json\/wp\/v2\/media\/24284"}],"wp:attachment":[{"href":"https:\/\/altimod.az\/ru\/wp-json\/wp\/v2\/media?parent=24369"}],"wp:term":[{"taxonomy":"product_cat","embeddable":true,"href":"https:\/\/altimod.az\/ru\/wp-json\/wp\/v2\/product_cat?post=24369"},{"taxonomy":"product_tag","embeddable":true,"href":"https:\/\/altimod.az\/ru\/wp-json\/wp\/v2\/product_tag?post=24369"}],"curies":[{"name":"wp","href":"https:\/\/api.w.org\/{rel}","templated":true}]}}