{"id":24816,"date":"2024-11-05T12:58:33","date_gmt":"2024-11-05T08:58:33","guid":{"rendered":"https:\/\/altimod.az\/?post_type=product&#038;p=24816"},"modified":"2025-01-15T20:10:00","modified_gmt":"2025-01-15T16:10:00","slug":"kisi-ayaqqabi-premium-sport-natural-d%c9%99ri-qara-16","status":"publish","type":"product","link":"https:\/\/altimod.az\/ru\/product\/kisi-ayaqqabi-premium-sport-natural-d%c9%99ri-qara-16\/","title":{"rendered":"Ki\u015fi ayaqqab\u0131 premium sport &#8211; natural d\u0259ri, qara"},"content":{"rendered":"","protected":false},"excerpt":{"rendered":"<p>K\u00fc\u00e7\u0259d\u0259n ofis\u0259 q\u0259d\u0259r h\u0259r yer\u0259 yara\u015fan faydal\u0131 sport ayaqqab\u0131. \u0130st\u0259nil\u0259n r\u0259ng v\u0259 \u00fcslubda \u015falvarla geyin\u0259 bil\u0259c\u0259yiniz bu model daxili yast\u0131qlar\u0131,poliuretan altl\u0131\u011f\u0131 v\u0259 g\u00f6vd\u0259si say\u0259sind\u0259 y\u00fcng\u00fcl, elastik v\u0259 rahatd\u0131r.<\/p>","protected":false},"featured_media":24820,"comment_status":"open","ping_status":"closed","template":"","meta":{"_joinchat":[]},"product_cat":[32,110],"product_tag":[112,105,132,111,128],"class_list":{"0":"post-24816","1":"product","2":"type-product","3":"status-publish","4":"has-post-thumbnail","6":"product_cat-gundelik","7":"product_cat-sport","8":"product_tag-gundlik","9":"product_tag-natural-dri","10":"product_tag-ortoped","11":"product_tag-sport","12":"product_tag-turkiy","14":"first","15":"instock","16":"sale","17":"shipping-taxable","18":"purchasable","19":"product-type-variable"},"_links":{"self":[{"href":"https:\/\/altimod.az\/ru\/wp-json\/wp\/v2\/product\/24816","targetHints":{"allow":["GET"]}}],"collection":[{"href":"https:\/\/altimod.az\/ru\/wp-json\/wp\/v2\/product"}],"about":[{"href":"https:\/\/altimod.az\/ru\/wp-json\/wp\/v2\/types\/product"}],"replies":[{"embeddable":true,"href":"https:\/\/altimod.az\/ru\/wp-json\/wp\/v2\/comments?post=24816"}],"version-history":[{"count":1,"href":"https:\/\/altimod.az\/ru\/wp-json\/wp\/v2\/product\/24816\/revisions"}],"predecessor-version":[{"id":24851,"href":"https:\/\/altimod.az\/ru\/wp-json\/wp\/v2\/product\/24816\/revisions\/24851"}],"wp:featuredmedia":[{"embeddable":true,"href":"https:\/\/altimod.az\/ru\/wp-json\/wp\/v2\/media\/24820"}],"wp:attachment":[{"href":"https:\/\/altimod.az\/ru\/wp-json\/wp\/v2\/media?parent=24816"}],"wp:term":[{"taxonomy":"product_cat","embeddable":true,"href":"https:\/\/altimod.az\/ru\/wp-json\/wp\/v2\/product_cat?post=24816"},{"taxonomy":"product_tag","embeddable":true,"href":"https:\/\/altimod.az\/ru\/wp-json\/wp\/v2\/product_tag?post=24816"}],"curies":[{"name":"wp","href":"https:\/\/api.w.org\/{rel}","templated":true}]}}