{"id":25113,"date":"2024-12-12T16:38:16","date_gmt":"2024-12-12T12:38:16","guid":{"rendered":"https:\/\/altimod.az\/?post_type=product&#038;p=25113"},"modified":"2025-01-15T19:50:46","modified_gmt":"2025-01-15T15:50:46","slug":"kisi-ayaqqabi-premium-sport-natural-d%c9%99ri-goy-6","status":"publish","type":"product","link":"https:\/\/altimod.az\/ru\/product\/kisi-ayaqqabi-premium-sport-natural-d%c9%99ri-goy-6\/","title":{"rendered":"Ki\u015fi ayaqqab\u0131 premium sport &#8211; natural d\u0259ri, g\u00f6y"},"content":{"rendered":"","protected":false},"excerpt":{"rendered":"<p>K\u00fc\u00e7\u0259d\u0259n ofis\u0259 q\u0259d\u0259r h\u0259r yer\u0259 yara\u015fan faydal\u0131 sport ayaqqab\u0131. \u0130st\u0259nil\u0259n r\u0259ng v\u0259 \u00fcslubda \u015falvarla geyin\u0259 bil\u0259c\u0259yiniz bu model daxili yast\u0131qlar\u0131, eva altl\u0131\u011f\u0131 v\u0259 g\u00f6vd\u0259si say\u0259sind\u0259 y\u00fcng\u00fcl, elastik v\u0259 rahatd\u0131r.<\/p>","protected":false},"featured_media":24937,"comment_status":"open","ping_status":"closed","template":"","meta":{"_joinchat":[]},"product_cat":[32,28,110],"product_tag":[112,105,132,151,129,111],"class_list":{"0":"post-25113","1":"product","2":"type-product","3":"status-publish","4":"has-post-thumbnail","6":"product_cat-gundelik","7":"product_cat-qis","8":"product_cat-sport","9":"product_tag-gundlik","10":"product_tag-natural-dri","11":"product_tag-ortoped","12":"product_tag-premium","13":"product_tag-qis","14":"product_tag-sport","16":"first","17":"instock","18":"shipping-taxable","19":"purchasable","20":"product-type-variable"},"_links":{"self":[{"href":"https:\/\/altimod.az\/ru\/wp-json\/wp\/v2\/product\/25113","targetHints":{"allow":["GET"]}}],"collection":[{"href":"https:\/\/altimod.az\/ru\/wp-json\/wp\/v2\/product"}],"about":[{"href":"https:\/\/altimod.az\/ru\/wp-json\/wp\/v2\/types\/product"}],"replies":[{"embeddable":true,"href":"https:\/\/altimod.az\/ru\/wp-json\/wp\/v2\/comments?post=25113"}],"version-history":[{"count":2,"href":"https:\/\/altimod.az\/ru\/wp-json\/wp\/v2\/product\/25113\/revisions"}],"predecessor-version":[{"id":25121,"href":"https:\/\/altimod.az\/ru\/wp-json\/wp\/v2\/product\/25113\/revisions\/25121"}],"wp:featuredmedia":[{"embeddable":true,"href":"https:\/\/altimod.az\/ru\/wp-json\/wp\/v2\/media\/24937"}],"wp:attachment":[{"href":"https:\/\/altimod.az\/ru\/wp-json\/wp\/v2\/media?parent=25113"}],"wp:term":[{"taxonomy":"product_cat","embeddable":true,"href":"https:\/\/altimod.az\/ru\/wp-json\/wp\/v2\/product_cat?post=25113"},{"taxonomy":"product_tag","embeddable":true,"href":"https:\/\/altimod.az\/ru\/wp-json\/wp\/v2\/product_tag?post=25113"}],"curies":[{"name":"wp","href":"https:\/\/api.w.org\/{rel}","templated":true}]}}