{"id":25235,"date":"2024-12-12T18:35:39","date_gmt":"2024-12-12T14:35:39","guid":{"rendered":"https:\/\/altimod.az\/?post_type=product&#038;p=25235"},"modified":"2024-12-18T12:52:27","modified_gmt":"2024-12-18T08:52:27","slug":"kisi-ayaqqabi-premium-pol-klassik-natural-d%c9%99ri-qara-22","status":"publish","type":"product","link":"https:\/\/altimod.az\/ru\/product\/kisi-ayaqqabi-premium-pol-klassik-natural-d%c9%99ri-qara-22\/","title":{"rendered":"Ki\u015fi ayaqqab\u0131 premium pol klassik &#8211; natural d\u0259ri, qara"},"content":{"rendered":"","protected":false},"excerpt":{"rendered":"<p>K\u00fc\u00e7\u0259d\u0259n ofis\u0259 q\u0259d\u0259r h\u0259r yer\u0259 yara\u015fan faydal\u0131 pol klassik ayaqqab\u0131. \u0130st\u0259nil\u0259n r\u0259ng v\u0259 \u00fcslubda \u015falvarla geyin\u0259 bil\u0259c\u0259yiniz bu model daxili yast\u0131qlar\u0131, termo altl\u0131\u011f\u0131 v\u0259 g\u00f6vd\u0259si say\u0259sind\u0259 y\u00fcng\u00fcl, elastik v\u0259 rahatd\u0131r.<\/p>","protected":false},"featured_media":25017,"comment_status":"open","ping_status":"closed","template":"","meta":{"_joinchat":[]},"product_cat":[32,42,144,28],"product_tag":[112,104,105,132,115,106,129],"class_list":{"0":"post-25235","1":"product","2":"type-product","3":"status-publish","4":"has-post-thumbnail","6":"product_cat-gundelik","7":"product_cat-klassik","8":"product_cat-pol-klassik","9":"product_cat-qis","10":"product_tag-gundlik","11":"product_tag-klassik","12":"product_tag-natural-dri","13":"product_tag-ortoped","14":"product_tag-pol-klassik","15":"product_tag-qara","16":"product_tag-qis","18":"first","19":"instock","20":"sale","21":"shipping-taxable","22":"purchasable","23":"product-type-variable"},"_links":{"self":[{"href":"https:\/\/altimod.az\/ru\/wp-json\/wp\/v2\/product\/25235","targetHints":{"allow":["GET"]}}],"collection":[{"href":"https:\/\/altimod.az\/ru\/wp-json\/wp\/v2\/product"}],"about":[{"href":"https:\/\/altimod.az\/ru\/wp-json\/wp\/v2\/types\/product"}],"replies":[{"embeddable":true,"href":"https:\/\/altimod.az\/ru\/wp-json\/wp\/v2\/comments?post=25235"}],"version-history":[{"count":1,"href":"https:\/\/altimod.az\/ru\/wp-json\/wp\/v2\/product\/25235\/revisions"}],"predecessor-version":[{"id":25240,"href":"https:\/\/altimod.az\/ru\/wp-json\/wp\/v2\/product\/25235\/revisions\/25240"}],"wp:featuredmedia":[{"embeddable":true,"href":"https:\/\/altimod.az\/ru\/wp-json\/wp\/v2\/media\/25017"}],"wp:attachment":[{"href":"https:\/\/altimod.az\/ru\/wp-json\/wp\/v2\/media?parent=25235"}],"wp:term":[{"taxonomy":"product_cat","embeddable":true,"href":"https:\/\/altimod.az\/ru\/wp-json\/wp\/v2\/product_cat?post=25235"},{"taxonomy":"product_tag","embeddable":true,"href":"https:\/\/altimod.az\/ru\/wp-json\/wp\/v2\/product_tag?post=25235"}],"curies":[{"name":"wp","href":"https:\/\/api.w.org\/{rel}","templated":true}]}}