{"id":25566,"date":"2025-01-15T17:21:23","date_gmt":"2025-01-15T13:21:23","guid":{"rendered":"https:\/\/altimod.az\/?post_type=product&#038;p=25566"},"modified":"2025-01-15T17:21:23","modified_gmt":"2025-01-15T13:21:23","slug":"kisi-ayaqqabi-premium-pol-klassik-natural-d%c9%99ri-qara-27","status":"publish","type":"product","link":"https:\/\/altimod.az\/ru\/product\/kisi-ayaqqabi-premium-pol-klassik-natural-d%c9%99ri-qara-27\/","title":{"rendered":"Ki\u015fi ayaqqab\u0131 premium pol klassik- natural d\u0259ri, qara"},"content":{"rendered":"","protected":false},"excerpt":{"rendered":"<p>K\u00fc\u00e7\u0259d\u0259n ofis\u0259 q\u0259d\u0259r h\u0259r yer\u0259 yara\u015fan faydal\u0131 pol klassik ayaqqab\u0131. \u0130st\u0259nil\u0259n r\u0259ng v\u0259 \u00fcslubda \u015falvarla geyin\u0259 bil\u0259c\u0259yiniz bu model daxili yast\u0131qlar\u0131, kau\u00e7uk altl\u0131\u011f\u0131 v\u0259 g\u00f6vd\u0259si say\u0259sind\u0259 y\u00fcng\u00fcl, elastik v\u0259 rahatd\u0131r.<\/p>","protected":false},"featured_media":25470,"comment_status":"open","ping_status":"closed","template":"","meta":{"_joinchat":[]},"product_cat":[32,42,144],"product_tag":[112,105,132,115,151,106,128],"class_list":{"0":"post-25566","1":"product","2":"type-product","3":"status-publish","4":"has-post-thumbnail","6":"product_cat-gundelik","7":"product_cat-klassik","8":"product_cat-pol-klassik","9":"product_tag-gundlik","10":"product_tag-natural-dri","11":"product_tag-ortoped","12":"product_tag-pol-klassik","13":"product_tag-premium","14":"product_tag-qara","15":"product_tag-turkiy","17":"first","18":"instock","19":"shipping-taxable","20":"purchasable","21":"product-type-variable"},"_links":{"self":[{"href":"https:\/\/altimod.az\/ru\/wp-json\/wp\/v2\/product\/25566","targetHints":{"allow":["GET"]}}],"collection":[{"href":"https:\/\/altimod.az\/ru\/wp-json\/wp\/v2\/product"}],"about":[{"href":"https:\/\/altimod.az\/ru\/wp-json\/wp\/v2\/types\/product"}],"replies":[{"embeddable":true,"href":"https:\/\/altimod.az\/ru\/wp-json\/wp\/v2\/comments?post=25566"}],"version-history":[{"count":2,"href":"https:\/\/altimod.az\/ru\/wp-json\/wp\/v2\/product\/25566\/revisions"}],"predecessor-version":[{"id":25572,"href":"https:\/\/altimod.az\/ru\/wp-json\/wp\/v2\/product\/25566\/revisions\/25572"}],"wp:featuredmedia":[{"embeddable":true,"href":"https:\/\/altimod.az\/ru\/wp-json\/wp\/v2\/media\/25470"}],"wp:attachment":[{"href":"https:\/\/altimod.az\/ru\/wp-json\/wp\/v2\/media?parent=25566"}],"wp:term":[{"taxonomy":"product_cat","embeddable":true,"href":"https:\/\/altimod.az\/ru\/wp-json\/wp\/v2\/product_cat?post=25566"},{"taxonomy":"product_tag","embeddable":true,"href":"https:\/\/altimod.az\/ru\/wp-json\/wp\/v2\/product_tag?post=25566"}],"curies":[{"name":"wp","href":"https:\/\/api.w.org\/{rel}","templated":true}]}}